{"id":440,"date":"2024-11-29T06:35:00","date_gmt":"2024-11-29T06:35:00","guid":{"rendered":"https:\/\/franciscotapia.com\/?page_id=440"},"modified":"2025-11-18T21:41:40","modified_gmt":"2025-11-18T21:41:40","slug":"desarrollador-web-freelance","status":"publish","type":"page","link":"https:\/\/franciscotapia.com\/en\/","title":{"rendered":"DESARROLLADOR WEB FREELANCE"},"content":{"rendered":"<section id=\"wp-block-themeisle-blocks-advanced-columns-335a2f03\" class=\"wp-block-themeisle-blocks-advanced-columns alignfull has-1-columns has-desktop-equal-layout has-tablet-equal-layout has-mobile-equal-layout has-vertical-flex-start has-light-bg\"><div class=\"wp-block-themeisle-blocks-advanced-columns-overlay\"><\/div><div class=\"innerblocks-wrap\">\n<div id=\"wp-block-themeisle-blocks-advanced-column-5d90343f\" class=\"wp-block-themeisle-blocks-advanced-column\">\n<section id=\"wp-block-themeisle-blocks-advanced-columns-b2ead1d6\" class=\"wp-block-themeisle-blocks-advanced-columns has-2-columns has-desktop-equal-layout has-tablet-equal-layout has-mobile-collapsedRows-layout has-vertical-center\"><div class=\"wp-block-themeisle-blocks-advanced-columns-overlay\"><\/div><div class=\"innerblocks-wrap\">\n<div id=\"wp-block-themeisle-blocks-advanced-column-7c705a1c\" class=\"wp-block-themeisle-blocks-advanced-column\">\n<div id=\"wp-block-themeisle-blocks-advanced-heading-ea5e7576\" class=\"wp-block-themeisle-blocks-advanced-heading wp-block-themeisle-blocks-advanced-heading-ea5e7576\"><strong>M\u00e1s de 15 a\u00f1os de experiencia en soluciones web escalables<\/strong><\/div>\n\n\n\n<h2 class=\"wp-block-heading\"><strong>FULL STACK DEVELOPER FREELANCE<\/strong><\/h2>\n\n\n\n<p><strong>\u00a1Hola! Soy Francisco Tapia<\/strong>, un apasionado <strong>desarrollador web freelance<\/strong> con experiencia en <strong>frontend<\/strong> y <strong>backend<\/strong>. Durante m\u00e1s de 15 a\u00f1os, he creado soluciones tecnol\u00f3gicas innovadoras y eficientes, trabajando con tecnolog\u00edas clave como <strong>PHP<\/strong>, <strong>HTML5<\/strong>, <strong>CSS3<\/strong>, <strong>JavaScript<\/strong>, <strong>jQuery<\/strong>, y frameworks como <strong>CodeIgniter<\/strong>, <strong>Laravel<\/strong>, y <strong>Bootstrap<\/strong>.<\/p>\n\n\n\n<div class=\"wp-block-buttons is-layout-flex wp-block-buttons-is-layout-flex\">\n<div class=\"wp-block-button is-style-primary\"><a class=\"wp-block-button__link wp-element-button\" href=\"https:\/\/franciscotapia.com\/en\/#contact\">Cont\u00e1ctame<\/a><\/div>\n<\/div>\n<\/div>\n\n\n\n<div id=\"wp-block-themeisle-blocks-advanced-column-5f9a9ec0\" class=\"wp-block-themeisle-blocks-advanced-column\">\n<figure class=\"wp-block-image size-full\" id=\"wp-block-themeisle-blocks-image-314ca4b2\"><img fetchpriority=\"high\" decoding=\"async\" width=\"720\" height=\"720\" src=\"https:\/\/franciscotapia.com\/wp-content\/uploads\/2020\/05\/Francisco_Tapia.jpg\" alt=\"\" class=\"wp-image-58\" style=\"aspect-ratio:4\/3;object-fit:cover\" srcset=\"https:\/\/franciscotapia.com\/wp-content\/uploads\/2020\/05\/Francisco_Tapia.jpg 720w, https:\/\/franciscotapia.com\/wp-content\/uploads\/2020\/05\/Francisco_Tapia-300x300.jpg 300w, https:\/\/franciscotapia.com\/wp-content\/uploads\/2020\/05\/Francisco_Tapia-150x150.jpg 150w\" sizes=\"(max-width: 720px) 100vw, 720px\" \/><\/figure>\n<\/div>\n<\/div><\/section>\n\n\n\n<section id=\"wp-block-themeisle-blocks-advanced-columns-8e7cc7ae\" class=\"wp-block-themeisle-blocks-advanced-columns has-3-columns has-desktop-equal-layout has-tablet-equal-layout has-mobile-collapsedRows-layout has-vertical-flex-start\"><div class=\"wp-block-themeisle-blocks-advanced-columns-overlay\"><\/div><div class=\"innerblocks-wrap\">\n<div id=\"wp-block-themeisle-blocks-advanced-column-725f10a7\" class=\"wp-block-themeisle-blocks-advanced-column\">\n<h3 class=\"wp-block-heading has-text-align-left\" style=\"font-size:22px\">\u2705 <strong>Desarrollo a medida y optimizaci\u00f3n<\/strong><\/h3>\n\n\n\n<p class=\"has-text-align-left\">Dise\u00f1o aplicaciones web responsivas y soluciones personalizadas con gestores de contenido como <strong>WordPress and Joomla<\/strong>, asegurando <strong>escalabilidad y alto rendimiento<\/strong>.<\/p>\n<\/div>\n\n\n\n<div id=\"wp-block-themeisle-blocks-advanced-column-3c67f726\" class=\"wp-block-themeisle-blocks-advanced-column\">\n<h3 class=\"wp-block-heading has-text-align-left\" style=\"font-size:22px\"><strong>\u2705 Liderazgo y gesti\u00f3n \u00e1gil<\/strong><\/h3>\n\n\n\n<p class=\"has-text-align-left\">Con <strong>m\u00e1s de 7 a\u00f1os de experiencia<\/strong> liderando equipos, gestiono proyectos de manera eficiente para <strong>cumplir objetivos estrat\u00e9gicos<\/strong>.<\/p>\n<\/div>\n\n\n\n<div id=\"wp-block-themeisle-blocks-advanced-column-4956dbc0\" class=\"wp-block-themeisle-blocks-advanced-column\">\n<h3 class=\"wp-block-heading has-text-align-left\" style=\"font-size:22px\"><strong>\u2705 Infraestructura segura y eficiente<\/strong><\/h3>\n\n\n\n<p class=\"has-text-align-left\">Implemento pr\u00e1cticas b\u00e1sicas de <strong>web security<\/strong> y administro servidores Linux para <strong>entornos de desarrollo y despliegue optimizados<\/strong>.<\/p>\n<\/div>\n<\/div><\/section>\n<\/div>\n<\/div><\/section>\n\n\n\n<div style=\"height:25px\" aria-hidden=\"true\" class=\"wp-block-spacer\"><\/div>\n\n\n\n<h2 class=\"wp-block-heading has-text-align-center\" style=\"font-size:36px\"><strong>EXPERIENCIA<\/strong><\/h2>\n\n\n\n<div id=\"wp-block-themeisle-blocks-advanced-columns-b4146d26\" class=\"wp-block-themeisle-blocks-advanced-columns alignfull has-4-columns has-desktop-equal-layout has-tablet-equal-layout has-mobile-collapsedRows-layout has-vertical-center ticss-c00aadba\"><div class=\"wp-block-themeisle-blocks-advanced-columns-overlay\"><\/div><div class=\"innerblocks-wrap\">\n<div id=\"wp-block-themeisle-blocks-advanced-column-18fe4a0a\" class=\"wp-block-themeisle-blocks-advanced-column has-dark-bg\">\n<div id=\"wp-block-themeisle-blocks-font-awesome-icons-bf1a23fa\" class=\"wp-block-themeisle-blocks-font-awesome-icons\"><span class=\"wp-block-themeisle-blocks-font-awesome-icons-container nan-padding\"><i class=\"fas fa-check-square\"><\/i><\/span><\/div>\n\n\n\n<h3 id=\"wp-block-themeisle-blocks-advanced-heading-788243ec\" class=\"wp-block-themeisle-blocks-advanced-heading wp-block-themeisle-blocks-advanced-heading-788243ec\">Product Manager \u2013 GIMO<\/h3>\n\n\n\n<p id=\"wp-block-themeisle-blocks-advanced-heading-6614d7d2\" class=\"wp-block-themeisle-blocks-advanced-heading wp-block-themeisle-blocks-advanced-heading-6614d7d2\">Mayo de 2024 \u2013 actualidad | 1 a\u00f1o y 6 meses<\/p>\n\n\n\n<p class=\"has-text-align-center\">1-7 Boundary Row London SE1 8HP<\/p>\n<\/div>\n\n\n\n<div id=\"wp-block-themeisle-blocks-advanced-column-c911fd3a\" class=\"wp-block-themeisle-blocks-advanced-column has-dark-bg\">\n<div id=\"wp-block-themeisle-blocks-font-awesome-icons-a2ce3188\" class=\"wp-block-themeisle-blocks-font-awesome-icons\"><span class=\"wp-block-themeisle-blocks-font-awesome-icons-container nan-padding\"><i class=\"fas fa-forward\"><\/i><\/span><\/div>\n\n\n\n<h3 id=\"wp-block-themeisle-blocks-advanced-heading-d786d3f6\" class=\"wp-block-themeisle-blocks-advanced-heading wp-block-themeisle-blocks-advanced-heading-d786d3f6\">PHP Technical Team Leader \u2013 GIMO<\/h3>\n\n\n\n<p><em>Dec 2016 - April 2024 | 7 years and 4 months<\/em><\/p>\n\n\n\n<p class=\"has-text-align-center\">1-7 Boundary Row London SE1 8HP<\/p>\n\n\n\n<div class=\"wp-block-buttons is-vertical is-content-justification-center is-layout-flex wp-container-core-buttons-is-layout-2 wp-block-buttons-is-layout-flex\"><\/div>\n<\/div>\n\n\n\n<div id=\"wp-block-themeisle-blocks-advanced-column-ff2ca0c1\" class=\"wp-block-themeisle-blocks-advanced-column has-dark-bg\">\n<div id=\"wp-block-themeisle-blocks-font-awesome-icons-0d319d06\" class=\"wp-block-themeisle-blocks-font-awesome-icons\"><span class=\"wp-block-themeisle-blocks-font-awesome-icons-container nan-padding\"><i class=\"fas fa-forward\"><\/i><\/span><\/div>\n\n\n\n<h3 id=\"wp-block-themeisle-blocks-advanced-heading-f6088f80\" class=\"wp-block-themeisle-blocks-advanced-heading wp-block-themeisle-blocks-advanced-heading-f6088f80\">PHP Web Developer &#8211; GIMO<\/h3>\n\n\n\n<p><em>Oct. de 2015 \u2013 nov. de 2016 | 1 a\u00f1o y 2 mese<\/em>s<\/p>\n\n\n\n<p class=\"has-text-align-center\">1-7 Boundary Row London SE1 8HP<\/p>\n\n\n\n<div class=\"wp-block-buttons is-vertical is-content-justification-center is-layout-flex wp-container-core-buttons-is-layout-3 wp-block-buttons-is-layout-flex\"><\/div>\n<\/div>\n\n\n\n<div id=\"wp-block-themeisle-blocks-advanced-column-b86925fa\" class=\"wp-block-themeisle-blocks-advanced-column has-dark-bg\">\n<div id=\"wp-block-themeisle-blocks-font-awesome-icons-2c08e72d\" class=\"wp-block-themeisle-blocks-font-awesome-icons\"><span class=\"wp-block-themeisle-blocks-font-awesome-icons-container nan-padding\"><i class=\"fas fa-forward\"><\/i><\/span><\/div>\n\n\n\n<h3 id=\"wp-block-themeisle-blocks-advanced-heading-77194bee\" class=\"wp-block-themeisle-blocks-advanced-heading wp-block-themeisle-blocks-advanced-heading-77194bee\">Desarrollador web &#8211; Aconsa S.L.<\/h3>\n\n\n\n<p><em>Jun 2008 - Jan 2015 | 6 years 8 months<\/em><\/p>\n\n\n\n<p class=\"has-text-align-center\">C\u00f3rdoba (14011), Andaluc\u00eda, Espa\u00f1a<\/p>\n\n\n\n<div class=\"wp-block-buttons is-vertical is-content-justification-center is-layout-flex wp-container-core-buttons-is-layout-4 wp-block-buttons-is-layout-flex\"><\/div>\n<\/div>\n<\/div><\/div>\n\n\n\n<p><\/p>\n\n\n\n<div id=\"wp-block-themeisle-blocks-advanced-columns-678cc482\" class=\"wp-block-themeisle-blocks-advanced-columns alignfull has-1-columns has-desktop-equal-layout has-tablet-equal-layout has-mobile-collapsedRows-layout has-reverse-columns-mobile has-vertical-bottom ticss-c00aadba\"><div class=\"wp-block-themeisle-blocks-advanced-columns-overlay\"><\/div><div class=\"innerblocks-wrap\">\n<div id=\"wp-block-themeisle-blocks-advanced-column-4d412c51\" class=\"wp-block-themeisle-blocks-advanced-column\">\n<h2 id=\"wp-block-themeisle-blocks-advanced-heading-fb3c7a39\" class=\"wp-block-themeisle-blocks-advanced-heading wp-block-themeisle-blocks-advanced-heading-fb3c7a39\"><strong>\u00bfPOR QU\u00c9 ELEGIRME COMO TU DESARROLLADOR WEB FREELANCE?<\/strong><\/h2>\n\n\n\n<p class=\"has-white-color has-text-color has-link-color wp-elements-e71373aae0f06856fa65bae6dcd2895d\" style=\"font-style:normal;font-weight:600\">Soy un desarrollador web freelance comprometido con ofrecer resultados de alta calidad. Combino habilidades t\u00e9cnicas avanzadas con una mentalidad orientada a la colaboraci\u00f3n, asegurando que cada proyecto alcance su m\u00e1ximo potencial. Mis proyectos destacan por su atenci\u00f3n al detalle, funcionalidad y dise\u00f1o optimizado.<\/p>\n\n\n\n<div class=\"wp-block-buttons is-content-justification-center is-layout-flex wp-container-core-buttons-is-layout-5 wp-block-buttons-is-layout-flex\">\n<div class=\"wp-block-button\"><a class=\"wp-block-button__link has-accent-background-color has-background wp-element-button\" href=\"https:\/\/franciscotapia.com\/en\/#contact\">Call me<\/a><\/div>\n<\/div>\n<\/div>\n<\/div><\/div>\n\n\n\n<section class=\"hestia-clients-bar text-center\" id=\"knowledge\">\n<div class=\"container\">\n<ul class=\"clients-bar-wrapper\">\n<li class=\"clients-bar-item\"><a href=\"#\"><img decoding=\"async\" src=\"https:\/\/franciscotapia.com\/wp-content\/uploads\/2020\/05\/php-e1589138095194.png\" alt=\"\" \/><\/a><\/li>\n<li class=\"clients-bar-item\"><a href=\"#\"><img decoding=\"async\" src=\"https:\/\/franciscotapia.com\/wp-content\/uploads\/2020\/05\/mysql-e1589138164262.jpg\" alt=\"\" \/><\/a><\/li>\n<li class=\"clients-bar-item\"><a href=\"#\"><img decoding=\"async\" src=\"https:\/\/franciscotapia.com\/wp-content\/uploads\/2020\/05\/html-e1589138285384.png\" alt=\"\" \/><\/a><\/li>\n<li class=\"clients-bar-item\"><a href=\"#\"><img decoding=\"async\" src=\"https:\/\/franciscotapia.com\/wp-content\/uploads\/2020\/05\/css-e1589138302599.png\" alt=\"\" \/><\/a><\/li>\n<li class=\"clients-bar-item\"><a href=\"#\"><img decoding=\"async\" src=\"https:\/\/franciscotapia.com\/wp-content\/uploads\/2020\/05\/js-e1589138315312.png\" alt=\"\" \/><\/a><\/li>\n<li class=\"clients-bar-item\"><a href=\"#\"><img decoding=\"async\" src=\"https:\/\/franciscotapia.com\/wp-content\/uploads\/2020\/05\/codeigniter-e1589138336162.png\" alt=\"\" \/><\/a><\/li>\n<li class=\"clients-bar-item\"><img decoding=\"async\" src=\"https:\/\/franciscotapia.com\/wp-content\/uploads\/2020\/05\/jQuery-logo-e1589138907862.png\" alt=\"\" \/><\/li>\n<li class=\"clients-bar-item\"><img decoding=\"async\" src=\"https:\/\/franciscotapia.com\/wp-content\/uploads\/2020\/05\/WordPress.svg_-e1589138415904.png\" alt=\"\" \/><\/li>\n<li class=\"clients-bar-item\"><img decoding=\"async\" src=\"https:\/\/franciscotapia.com\/wp-content\/uploads\/2020\/05\/linux-logo-2-e1589138866493.png\" alt=\"\" \/><\/li>\n<\/ul>\n<\/div>\n<\/section>\n\n\n\n<p><\/p>\n\n\n\n<section id=\"wp-block-themeisle-blocks-advanced-columns-6013fee3\" class=\"wp-block-themeisle-blocks-advanced-columns alignfull has-3-columns has-desktop-equal-layout has-tablet-equal-layout has-mobile-collapsedRows-layout has-vertical-flex-start has-dark-bg\"><div class=\"wp-block-themeisle-blocks-advanced-columns-overlay\"><\/div><div class=\"innerblocks-wrap\">\n<div id=\"wp-block-themeisle-blocks-advanced-column-1a42e736\" class=\"wp-block-themeisle-blocks-advanced-column\">\n<div id=\"wp-block-themeisle-blocks-font-awesome-icons-b12b90f5\" class=\"wp-block-themeisle-blocks-font-awesome-icons\"><span class=\"wp-block-themeisle-blocks-font-awesome-icons-container\"><i class=\"fas fa-star\"><\/i><\/span><\/div>\n\n\n\n<div style=\"height:0px\" aria-hidden=\"true\" class=\"wp-block-spacer\"><\/div>\n\n\n\n<p class=\"has-text-align-center has-white-color has-text-color has-link-color wp-elements-a33fa91f3413501ffba135c8ecb14861\">Francisco is a person who is deeply involved in projects, he is always willing to help even if it is not a work in which he is specialized. As for the specializations he manages, he is very decisive in his contributions and always seeks improvement. A great professional with whom you work very well as a team.<\/p>\n\n\n\n<div id=\"wp-block-themeisle-blocks-advanced-heading-8197007c\" class=\"wp-block-themeisle-blocks-advanced-heading wp-block-themeisle-blocks-advanced-heading-8197007c\"><strong>Antonio Osuna S\u00e1nchez<\/strong><\/div>\n\n\n\n<p class=\"has-text-align-center\">Security Architect<\/p>\n<\/div>\n\n\n\n<div id=\"wp-block-themeisle-blocks-advanced-column-ea6d1956\" class=\"wp-block-themeisle-blocks-advanced-column\">\n<div id=\"wp-block-themeisle-blocks-font-awesome-icons-c48672ad\" class=\"wp-block-themeisle-blocks-font-awesome-icons\"><span class=\"wp-block-themeisle-blocks-font-awesome-icons-container\"><i class=\"fas fa-star\"><\/i><\/span><\/div>\n\n\n\n<div style=\"height:0px\" aria-hidden=\"true\" class=\"wp-block-spacer\"><\/div>\n\n\n\n<p class=\"has-text-align-center has-white-color has-text-color has-link-color wp-elements-2ff9d51386cf12a8a1802b72b0945daa\">Francisco Javier is a great professional who has the ability to deal with any new challenges. We worked together some time ago in a couple of projects and his implication and attention to details was remarkable.<br>He loves learning about new technologies mostly related with Web-Development in which he has become a big asset for any company.<\/p>\n\n\n\n<div id=\"wp-block-themeisle-blocks-advanced-heading-c9f4aea0\" class=\"wp-block-themeisle-blocks-advanced-heading wp-block-themeisle-blocks-advanced-heading-c9f4aea0\"><strong>Leandro Piedra<\/strong><\/div>\n\n\n\n<p class=\"has-text-align-center\">Software Engineer<\/p>\n<\/div>\n\n\n\n<div id=\"wp-block-themeisle-blocks-advanced-column-6591118f\" class=\"wp-block-themeisle-blocks-advanced-column\">\n<div id=\"wp-block-themeisle-blocks-font-awesome-icons-219f6dda\" class=\"wp-block-themeisle-blocks-font-awesome-icons\"><span class=\"wp-block-themeisle-blocks-font-awesome-icons-container\"><i class=\"fas fa-star\"><\/i><\/span><\/div>\n\n\n\n<div style=\"height:0px\" aria-hidden=\"true\" class=\"wp-block-spacer\"><\/div>\n\n\n\n<p class=\"has-text-align-center has-white-color has-text-color has-link-color wp-elements-7742006c71871c0286b6c77f1c227c9f\">Francisco Javier is a hard working person, always interested in learning new technologies or new methodologies of work and he likes working in a team where he can learn from others and also contribute with his experience.<\/p>\n\n\n\n<div id=\"wp-block-themeisle-blocks-advanced-heading-76454fc8\" class=\"wp-block-themeisle-blocks-advanced-heading wp-block-themeisle-blocks-advanced-heading-76454fc8\"><strong>MARK Spencer<\/strong><\/div>\n\n\n\n<p class=\"has-text-align-center\">Guardiola Ltd Director<\/p>\n<\/div>\n<\/div><\/section>","protected":false},"excerpt":{"rendered":"<p>EXPERIENCIA<\/p>","protected":false},"author":3,"featured_media":0,"parent":0,"menu_order":0,"comment_status":"closed","ping_status":"closed","template":"","meta":{"_themeisle_gutenberg_block_has_review":false,"footnotes":""},"class_list":["post-440","page","type-page","status-publish","hentry"],"yoast_head":"<!-- This site is optimized with the Yoast SEO plugin v23.9 - https:\/\/yoast.com\/wordpress\/plugins\/seo\/ -->\n<title>Francisco Tapia | Desarrollador Web Freelance: Frontend y Backend<\/title>\n<meta name=\"description\" content=\"Desarrollador Web Freelance Full Stack con m\u00e1s de 15 a\u00f1os de experiencia. Soluciones personalizadas en PHP, Laravel, WordPress y m\u00e1s.\" \/>\n<meta name=\"robots\" content=\"index, follow, max-snippet:-1, max-image-preview:large, max-video-preview:-1\" \/>\n<link rel=\"canonical\" href=\"https:\/\/franciscotapia.com\/en\/\" \/>\n<meta property=\"og:locale\" content=\"en_GB\" \/>\n<meta property=\"og:type\" content=\"article\" \/>\n<meta property=\"og:title\" content=\"Francisco Tapia | Desarrollador Web Freelance: Frontend y Backend\" \/>\n<meta property=\"og:description\" content=\"Desarrollador Web Freelance Full Stack con m\u00e1s de 15 a\u00f1os de experiencia. Soluciones personalizadas en PHP, Laravel, WordPress y m\u00e1s.\" \/>\n<meta property=\"og:url\" content=\"https:\/\/franciscotapia.com\/en\/\" \/>\n<meta property=\"og:site_name\" content=\"Francisco Tapia\" \/>\n<meta property=\"article:modified_time\" content=\"2025-11-18T21:41:40+00:00\" \/>\n<meta property=\"og:image\" content=\"https:\/\/franciscotapia.com\/wp-content\/uploads\/2020\/05\/Francisco_Tapia.jpg\" \/>\n\t<meta property=\"og:image:width\" content=\"720\" \/>\n\t<meta property=\"og:image:height\" content=\"720\" \/>\n\t<meta property=\"og:image:type\" content=\"image\/jpeg\" \/>\n<meta name=\"twitter:card\" content=\"summary_large_image\" \/>\n<meta name=\"twitter:label1\" content=\"Estimated reading time\" \/>\n\t<meta name=\"twitter:data1\" content=\"4 minutes\" \/>\n<script type=\"application\/ld+json\" class=\"yoast-schema-graph\">{\"@context\":\"https:\/\/schema.org\",\"@graph\":[{\"@type\":\"WebPage\",\"@id\":\"https:\/\/franciscotapia.com\/\",\"url\":\"https:\/\/franciscotapia.com\/\",\"name\":\"Francisco Tapia | Desarrollador Web Freelance: Frontend y Backend\",\"isPartOf\":{\"@id\":\"https:\/\/franciscotapia.com\/#website\"},\"primaryImageOfPage\":{\"@id\":\"https:\/\/franciscotapia.com\/#primaryimage\"},\"image\":{\"@id\":\"https:\/\/franciscotapia.com\/#primaryimage\"},\"thumbnailUrl\":\"https:\/\/franciscotapia.com\/wp-content\/uploads\/2020\/05\/Francisco_Tapia.jpg\",\"datePublished\":\"2024-11-29T06:35:00+00:00\",\"dateModified\":\"2025-11-18T21:41:40+00:00\",\"description\":\"Desarrollador Web Freelance Full Stack con m\u00e1s de 15 a\u00f1os de experiencia. Soluciones personalizadas en PHP, Laravel, WordPress y m\u00e1s.\",\"breadcrumb\":{\"@id\":\"https:\/\/franciscotapia.com\/#breadcrumb\"},\"inLanguage\":\"en-GB\",\"potentialAction\":[{\"@type\":\"ReadAction\",\"target\":[\"https:\/\/franciscotapia.com\/\"]}]},{\"@type\":\"ImageObject\",\"inLanguage\":\"en-GB\",\"@id\":\"https:\/\/franciscotapia.com\/#primaryimage\",\"url\":\"https:\/\/franciscotapia.com\/wp-content\/uploads\/2020\/05\/Francisco_Tapia.jpg\",\"contentUrl\":\"https:\/\/franciscotapia.com\/wp-content\/uploads\/2020\/05\/Francisco_Tapia.jpg\"},{\"@type\":\"BreadcrumbList\",\"@id\":\"https:\/\/franciscotapia.com\/#breadcrumb\",\"itemListElement\":[{\"@type\":\"ListItem\",\"position\":1,\"name\":\"Portada\",\"item\":\"https:\/\/franciscotapia.com\/\"},{\"@type\":\"ListItem\",\"position\":2,\"name\":\"DESARROLLADOR WEB FREELANCE\"}]},{\"@type\":\"WebSite\",\"@id\":\"https:\/\/franciscotapia.com\/#website\",\"url\":\"https:\/\/franciscotapia.com\/\",\"name\":\"Francisco Tapia\",\"description\":\"Web developer\",\"publisher\":{\"@id\":\"https:\/\/franciscotapia.com\/#organization\"},\"potentialAction\":[{\"@type\":\"SearchAction\",\"target\":{\"@type\":\"EntryPoint\",\"urlTemplate\":\"https:\/\/franciscotapia.com\/?s={search_term_string}\"},\"query-input\":{\"@type\":\"PropertyValueSpecification\",\"valueRequired\":true,\"valueName\":\"search_term_string\"}}],\"inLanguage\":\"en-GB\"},{\"@type\":\"Organization\",\"@id\":\"https:\/\/franciscotapia.com\/#organization\",\"name\":\"Francisco Tapia\",\"url\":\"https:\/\/franciscotapia.com\/\",\"logo\":{\"@type\":\"ImageObject\",\"inLanguage\":\"en-GB\",\"@id\":\"https:\/\/franciscotapia.com\/#\/schema\/logo\/image\/\",\"url\":\"https:\/\/franciscotapia.com\/wp-content\/uploads\/2020\/05\/cropped-logo_fondo_blanco.png\",\"contentUrl\":\"https:\/\/franciscotapia.com\/wp-content\/uploads\/2020\/05\/cropped-logo_fondo_blanco.png\",\"width\":602,\"height\":130,\"caption\":\"Francisco Tapia\"},\"image\":{\"@id\":\"https:\/\/franciscotapia.com\/#\/schema\/logo\/image\/\"}}]}<\/script>\n<!-- \/ Yoast SEO plugin. -->","yoast_head_json":{"title":"Francisco Tapia | Desarrollador Web Freelance: Frontend y Backend","description":"Desarrollador Web Freelance Full Stack con m\u00e1s de 15 a\u00f1os de experiencia. Soluciones personalizadas en PHP, Laravel, WordPress y m\u00e1s.","robots":{"index":"index","follow":"follow","max-snippet":"max-snippet:-1","max-image-preview":"max-image-preview:large","max-video-preview":"max-video-preview:-1"},"canonical":"https:\/\/franciscotapia.com\/en\/","og_locale":"en_GB","og_type":"article","og_title":"Francisco Tapia | Desarrollador Web Freelance: Frontend y Backend","og_description":"Desarrollador Web Freelance Full Stack con m\u00e1s de 15 a\u00f1os de experiencia. Soluciones personalizadas en PHP, Laravel, WordPress y m\u00e1s.","og_url":"https:\/\/franciscotapia.com\/en\/","og_site_name":"Francisco Tapia","article_modified_time":"2025-11-18T21:41:40+00:00","og_image":[{"width":720,"height":720,"url":"https:\/\/franciscotapia.com\/wp-content\/uploads\/2020\/05\/Francisco_Tapia.jpg","type":"image\/jpeg"}],"twitter_card":"summary_large_image","twitter_misc":{"Estimated reading time":"4 minutes"},"schema":{"@context":"https:\/\/schema.org","@graph":[{"@type":"WebPage","@id":"https:\/\/franciscotapia.com\/","url":"https:\/\/franciscotapia.com\/","name":"Francisco Tapia | Desarrollador Web Freelance: Frontend y Backend","isPartOf":{"@id":"https:\/\/franciscotapia.com\/#website"},"primaryImageOfPage":{"@id":"https:\/\/franciscotapia.com\/#primaryimage"},"image":{"@id":"https:\/\/franciscotapia.com\/#primaryimage"},"thumbnailUrl":"https:\/\/franciscotapia.com\/wp-content\/uploads\/2020\/05\/Francisco_Tapia.jpg","datePublished":"2024-11-29T06:35:00+00:00","dateModified":"2025-11-18T21:41:40+00:00","description":"Desarrollador Web Freelance Full Stack con m\u00e1s de 15 a\u00f1os de experiencia. Soluciones personalizadas en PHP, Laravel, WordPress y m\u00e1s.","breadcrumb":{"@id":"https:\/\/franciscotapia.com\/#breadcrumb"},"inLanguage":"en-GB","potentialAction":[{"@type":"ReadAction","target":["https:\/\/franciscotapia.com\/"]}]},{"@type":"ImageObject","inLanguage":"en-GB","@id":"https:\/\/franciscotapia.com\/#primaryimage","url":"https:\/\/franciscotapia.com\/wp-content\/uploads\/2020\/05\/Francisco_Tapia.jpg","contentUrl":"https:\/\/franciscotapia.com\/wp-content\/uploads\/2020\/05\/Francisco_Tapia.jpg"},{"@type":"BreadcrumbList","@id":"https:\/\/franciscotapia.com\/#breadcrumb","itemListElement":[{"@type":"ListItem","position":1,"name":"Portada","item":"https:\/\/franciscotapia.com\/"},{"@type":"ListItem","position":2,"name":"DESARROLLADOR WEB FREELANCE"}]},{"@type":"WebSite","@id":"https:\/\/franciscotapia.com\/#website","url":"https:\/\/franciscotapia.com\/","name":"Francisco Tapia","description":"Web developer","publisher":{"@id":"https:\/\/franciscotapia.com\/#organization"},"potentialAction":[{"@type":"SearchAction","target":{"@type":"EntryPoint","urlTemplate":"https:\/\/franciscotapia.com\/?s={search_term_string}"},"query-input":{"@type":"PropertyValueSpecification","valueRequired":true,"valueName":"search_term_string"}}],"inLanguage":"en-GB"},{"@type":"Organization","@id":"https:\/\/franciscotapia.com\/#organization","name":"Francisco Tapia","url":"https:\/\/franciscotapia.com\/","logo":{"@type":"ImageObject","inLanguage":"en-GB","@id":"https:\/\/franciscotapia.com\/#\/schema\/logo\/image\/","url":"https:\/\/franciscotapia.com\/wp-content\/uploads\/2020\/05\/cropped-logo_fondo_blanco.png","contentUrl":"https:\/\/franciscotapia.com\/wp-content\/uploads\/2020\/05\/cropped-logo_fondo_blanco.png","width":602,"height":130,"caption":"Francisco Tapia"},"image":{"@id":"https:\/\/franciscotapia.com\/#\/schema\/logo\/image\/"}}]}},"_links":{"self":[{"href":"https:\/\/franciscotapia.com\/en\/wp-json\/wp\/v2\/pages\/440","targetHints":{"allow":["GET"]}}],"collection":[{"href":"https:\/\/franciscotapia.com\/en\/wp-json\/wp\/v2\/pages"}],"about":[{"href":"https:\/\/franciscotapia.com\/en\/wp-json\/wp\/v2\/types\/page"}],"author":[{"embeddable":true,"href":"https:\/\/franciscotapia.com\/en\/wp-json\/wp\/v2\/users\/3"}],"replies":[{"embeddable":true,"href":"https:\/\/franciscotapia.com\/en\/wp-json\/wp\/v2\/comments?post=440"}],"version-history":[{"count":18,"href":"https:\/\/franciscotapia.com\/en\/wp-json\/wp\/v2\/pages\/440\/revisions"}],"predecessor-version":[{"id":496,"href":"https:\/\/franciscotapia.com\/en\/wp-json\/wp\/v2\/pages\/440\/revisions\/496"}],"wp:attachment":[{"href":"https:\/\/franciscotapia.com\/en\/wp-json\/wp\/v2\/media?parent=440"}],"curies":[{"name":"wp","href":"https:\/\/api.w.org\/{rel}","templated":true}]}}