{"id":355,"date":"2020-05-24T11:02:06","date_gmt":"2020-05-24T11:02:06","guid":{"rendered":"https:\/\/franciscotapia.com\/?page_id=355"},"modified":"2022-07-21T08:57:45","modified_gmt":"2022-07-21T08:57:45","slug":"politica-de-cookies","status":"publish","type":"page","link":"https:\/\/franciscotapia.com\/en\/politica-de-cookies\/","title":{"rendered":"Cookies policy"},"content":{"rendered":"<p class=\" translation-block\">A <em>cookie<\/em> is a small text file that is stored in your browser when you visit almost any web page. Its usefulness is that the web is able to remember your visit when you return to browse that page. <em> cookies <\/em> usually store technical information, personal preferences, content personalization, usage statistics, links to social networks, access to user accounts, etc. The objective of the <em>cookie<\/em> is to adapt the content of the web to your profile and needs, without <em>cookies<\/em> the services offered by any page would be significantly reduced. If you want to see more information about what <em>cookies<\/em> are, what they store, how to eliminate them, deactivate them, etc., <a href=\"https:\/\/franciscotapia.com\/en\/mas-informacion-sobre-las- cookies\/\" target=\" _ self\"><strong>please go to this link <\/strong>.<\/a><\/p>\n<h3><strong>Cookies used on this website<\/strong><\/h3>\n<p class=\" translation-block\">Following the guidelines of the Spanish Agency for Data Protection we proceed to detail the use of <em>cookies<\/em> made by this website in order to inform you as accurately as possible.<\/p>\n<p class=\" translation-block\">This website uses the following <strong>own cookies<\/strong>:<\/p>\n<ul>\n<li class=\" translation-block\">Session cookies, to guarantee that the users who write comments on the blog are human and not automated applications. In this way, <em>spam<\/em> is combated.<\/li>\n<\/ul>\n<p class=\" translation-block\">This website uses the following <strong>third-party cookies<\/strong>:<\/p>\n<ul>\n<li class=\" translation-block\">Google Analytics: Stores <em>cookies<\/em> in order to compile statistics on the traffic and volume of visits to this website. By using this website you are consenting to the processing of information about you by Google. Therefore, the exercise of any right in this regard must be done by communicating directly with Google.<\/li>\n<li class=\" translation-block\">Social networks: Each social network uses its own <em>cookies<\/em> so that you can click on buttons like <em>Like<\/em> or <em>Share<\/em>.<\/li>\n<\/ul>\n<h3><strong>Deactivation or deleting of cookies<\/strong><\/h3>\n<p class=\" translation-block\">At any time you can exercise your right to deactivate or delete cookies from this website. These actions are performed differently depending on the browser you are using. <a>Here is a quick guide for the most popular browsers<\/a>.<\/p>\n<h3><strong>Additional notes<\/strong><\/h3>\n<ul>\n<li class=\" translation-block\">Neither this website nor its legal representatives are responsible for the content or the veracity of the privacy policies that third parties mentioned in this <em>cookie<\/em> policy may have.<\/li>\n<li class=\" translation-block\">Web browsers are the tools in charge of storing <em>cookies<\/em> and from this place you must exercise your right to eliminate or deactivate them. Neither this website nor its legal representatives can guarantee the correct or incorrect manipulation of <em>cookies<\/em> by the aforementioned browsers.<\/li>\n<li class=\" translation-block\">In some cases it is necessary to install <em>cookies<\/em> so that the browser does not forget your decision not to accept them.<\/li>\n<li class=\" translation-block\">In the case of Google Analytics <em>cookies<\/em>, this company stores <em>cookies<\/em> on servers located in the United States and agrees not to share it with third parties, except in cases where that is necessary for the operation of the system or when the law requires such effect. According to Google, it does not save your IP address. Google Inc. is a company adhered to the Safe Harbor Agreement that guarantees that all transferred data will be treated with a level of protection in accordance with European regulations. You can find detailed information in this regard <a href=\"http:\/\/safeharbor.export.gov\/companyinfo.aspx?id=16626\" target=\"_blank\" rel=\"noopener noreferrer\">at this link<\/a>. For information on how Google uses cookies <a href=\"https:\/\/developers.google.com\/analytics\/devguides\/collection\/analyticsjs\/cookie-usage?hl=en&amp;csw=1\" target=\"_ blank\" rel=\"noopener noreferrer\">we attach this other link<\/a>.<\/li>\n<li class=\" translation-block\">For any questions or queries about this <em>cookies<\/em> policy, do not hesitate to contact us through the contact section.<\/li>\n<\/ul>","protected":false},"excerpt":{"rendered":"<p>Una cookie es un peque\u00f1o fichero de texto que se almacena en su navegador cuando visita casi cualquier p\u00e1gina web. Su utilidad es que la web sea capaz de recordar su visita cuando vuelva a navegar por esa p\u00e1gina. Las cookies suelen almacenar informaci\u00f3n de car\u00e1cter t\u00e9cnico, preferencias personales, personalizaci\u00f3n [&hellip;]<\/p>","protected":false},"author":1,"featured_media":0,"parent":0,"menu_order":0,"comment_status":"closed","ping_status":"closed","template":"","meta":{"_themeisle_gutenberg_block_has_review":false,"footnotes":""},"class_list":["post-355","page","type-page","status-publish","hentry"],"yoast_head":"<!-- This site is optimized with the Yoast SEO plugin v23.9 - https:\/\/yoast.com\/wordpress\/plugins\/seo\/ -->\n<title>Pol\u00edtica de cookies - Francisco Tapia<\/title>\n<meta name=\"robots\" content=\"index, follow, max-snippet:-1, max-image-preview:large, max-video-preview:-1\" \/>\n<link rel=\"canonical\" href=\"https:\/\/franciscotapia.com\/en\/politica-de-cookies\/\" \/>\n<meta property=\"og:locale\" content=\"en_GB\" \/>\n<meta property=\"og:type\" content=\"article\" \/>\n<meta property=\"og:title\" content=\"Pol\u00edtica de cookies - Francisco Tapia\" \/>\n<meta property=\"og:description\" content=\"Una cookie es un peque\u00f1o fichero de texto que se almacena en su navegador cuando visita casi cualquier p\u00e1gina web. Su utilidad es que la web sea capaz de recordar su visita cuando vuelva a navegar por esa p\u00e1gina. Las cookies suelen almacenar informaci\u00f3n de car\u00e1cter t\u00e9cnico, preferencias personales, personalizaci\u00f3n [&hellip;]\" \/>\n<meta property=\"og:url\" content=\"https:\/\/franciscotapia.com\/en\/politica-de-cookies\/\" \/>\n<meta property=\"og:site_name\" content=\"Francisco Tapia\" \/>\n<meta property=\"article:modified_time\" content=\"2022-07-21T08:57:45+00:00\" \/>\n<meta name=\"twitter:card\" content=\"summary_large_image\" \/>\n<meta name=\"twitter:label1\" content=\"Estimated reading time\" \/>\n\t<meta name=\"twitter:data1\" content=\"3 minutes\" \/>\n<script type=\"application\/ld+json\" class=\"yoast-schema-graph\">{\"@context\":\"https:\/\/schema.org\",\"@graph\":[{\"@type\":\"WebPage\",\"@id\":\"https:\/\/franciscotapia.com\/en\/politica-de-cookies\/\",\"url\":\"https:\/\/franciscotapia.com\/en\/politica-de-cookies\/\",\"name\":\"Pol\u00edtica de cookies - Francisco Tapia\",\"isPartOf\":{\"@id\":\"https:\/\/franciscotapia.com\/#website\"},\"datePublished\":\"2020-05-24T11:02:06+00:00\",\"dateModified\":\"2022-07-21T08:57:45+00:00\",\"breadcrumb\":{\"@id\":\"https:\/\/franciscotapia.com\/en\/politica-de-cookies\/#breadcrumb\"},\"inLanguage\":\"en-GB\",\"potentialAction\":[{\"@type\":\"ReadAction\",\"target\":[\"https:\/\/franciscotapia.com\/en\/politica-de-cookies\/\"]}]},{\"@type\":\"BreadcrumbList\",\"@id\":\"https:\/\/franciscotapia.com\/en\/politica-de-cookies\/#breadcrumb\",\"itemListElement\":[{\"@type\":\"ListItem\",\"position\":1,\"name\":\"Portada\",\"item\":\"https:\/\/franciscotapia.com\/\"},{\"@type\":\"ListItem\",\"position\":2,\"name\":\"Pol\u00edtica de cookies\"}]},{\"@type\":\"WebSite\",\"@id\":\"https:\/\/franciscotapia.com\/#website\",\"url\":\"https:\/\/franciscotapia.com\/\",\"name\":\"Francisco Tapia\",\"description\":\"Web developer\",\"publisher\":{\"@id\":\"https:\/\/franciscotapia.com\/#organization\"},\"potentialAction\":[{\"@type\":\"SearchAction\",\"target\":{\"@type\":\"EntryPoint\",\"urlTemplate\":\"https:\/\/franciscotapia.com\/?s={search_term_string}\"},\"query-input\":{\"@type\":\"PropertyValueSpecification\",\"valueRequired\":true,\"valueName\":\"search_term_string\"}}],\"inLanguage\":\"en-GB\"},{\"@type\":\"Organization\",\"@id\":\"https:\/\/franciscotapia.com\/#organization\",\"name\":\"Francisco Tapia\",\"url\":\"https:\/\/franciscotapia.com\/\",\"logo\":{\"@type\":\"ImageObject\",\"inLanguage\":\"en-GB\",\"@id\":\"https:\/\/franciscotapia.com\/#\/schema\/logo\/image\/\",\"url\":\"https:\/\/franciscotapia.com\/wp-content\/uploads\/2020\/05\/cropped-logo_fondo_blanco.png\",\"contentUrl\":\"https:\/\/franciscotapia.com\/wp-content\/uploads\/2020\/05\/cropped-logo_fondo_blanco.png\",\"width\":602,\"height\":130,\"caption\":\"Francisco Tapia\"},\"image\":{\"@id\":\"https:\/\/franciscotapia.com\/#\/schema\/logo\/image\/\"}}]}<\/script>\n<!-- \/ Yoast SEO plugin. -->","yoast_head_json":{"title":"Pol\u00edtica de cookies - Francisco Tapia","robots":{"index":"index","follow":"follow","max-snippet":"max-snippet:-1","max-image-preview":"max-image-preview:large","max-video-preview":"max-video-preview:-1"},"canonical":"https:\/\/franciscotapia.com\/en\/politica-de-cookies\/","og_locale":"en_GB","og_type":"article","og_title":"Pol\u00edtica de cookies - Francisco Tapia","og_description":"Una cookie es un peque\u00f1o fichero de texto que se almacena en su navegador cuando visita casi cualquier p\u00e1gina web. Su utilidad es que la web sea capaz de recordar su visita cuando vuelva a navegar por esa p\u00e1gina. Las cookies suelen almacenar informaci\u00f3n de car\u00e1cter t\u00e9cnico, preferencias personales, personalizaci\u00f3n [&hellip;]","og_url":"https:\/\/franciscotapia.com\/en\/politica-de-cookies\/","og_site_name":"Francisco Tapia","article_modified_time":"2022-07-21T08:57:45+00:00","twitter_card":"summary_large_image","twitter_misc":{"Estimated reading time":"3 minutes"},"schema":{"@context":"https:\/\/schema.org","@graph":[{"@type":"WebPage","@id":"https:\/\/franciscotapia.com\/en\/politica-de-cookies\/","url":"https:\/\/franciscotapia.com\/en\/politica-de-cookies\/","name":"Pol\u00edtica de cookies - Francisco Tapia","isPartOf":{"@id":"https:\/\/franciscotapia.com\/#website"},"datePublished":"2020-05-24T11:02:06+00:00","dateModified":"2022-07-21T08:57:45+00:00","breadcrumb":{"@id":"https:\/\/franciscotapia.com\/en\/politica-de-cookies\/#breadcrumb"},"inLanguage":"en-GB","potentialAction":[{"@type":"ReadAction","target":["https:\/\/franciscotapia.com\/en\/politica-de-cookies\/"]}]},{"@type":"BreadcrumbList","@id":"https:\/\/franciscotapia.com\/en\/politica-de-cookies\/#breadcrumb","itemListElement":[{"@type":"ListItem","position":1,"name":"Portada","item":"https:\/\/franciscotapia.com\/"},{"@type":"ListItem","position":2,"name":"Pol\u00edtica de cookies"}]},{"@type":"WebSite","@id":"https:\/\/franciscotapia.com\/#website","url":"https:\/\/franciscotapia.com\/","name":"Francisco Tapia","description":"Web developer","publisher":{"@id":"https:\/\/franciscotapia.com\/#organization"},"potentialAction":[{"@type":"SearchAction","target":{"@type":"EntryPoint","urlTemplate":"https:\/\/franciscotapia.com\/?s={search_term_string}"},"query-input":{"@type":"PropertyValueSpecification","valueRequired":true,"valueName":"search_term_string"}}],"inLanguage":"en-GB"},{"@type":"Organization","@id":"https:\/\/franciscotapia.com\/#organization","name":"Francisco Tapia","url":"https:\/\/franciscotapia.com\/","logo":{"@type":"ImageObject","inLanguage":"en-GB","@id":"https:\/\/franciscotapia.com\/#\/schema\/logo\/image\/","url":"https:\/\/franciscotapia.com\/wp-content\/uploads\/2020\/05\/cropped-logo_fondo_blanco.png","contentUrl":"https:\/\/franciscotapia.com\/wp-content\/uploads\/2020\/05\/cropped-logo_fondo_blanco.png","width":602,"height":130,"caption":"Francisco Tapia"},"image":{"@id":"https:\/\/franciscotapia.com\/#\/schema\/logo\/image\/"}}]}},"_links":{"self":[{"href":"https:\/\/franciscotapia.com\/en\/wp-json\/wp\/v2\/pages\/355","targetHints":{"allow":["GET"]}}],"collection":[{"href":"https:\/\/franciscotapia.com\/en\/wp-json\/wp\/v2\/pages"}],"about":[{"href":"https:\/\/franciscotapia.com\/en\/wp-json\/wp\/v2\/types\/page"}],"author":[{"embeddable":true,"href":"https:\/\/franciscotapia.com\/en\/wp-json\/wp\/v2\/users\/1"}],"replies":[{"embeddable":true,"href":"https:\/\/franciscotapia.com\/en\/wp-json\/wp\/v2\/comments?post=355"}],"version-history":[{"count":3,"href":"https:\/\/franciscotapia.com\/en\/wp-json\/wp\/v2\/pages\/355\/revisions"}],"predecessor-version":[{"id":362,"href":"https:\/\/franciscotapia.com\/en\/wp-json\/wp\/v2\/pages\/355\/revisions\/362"}],"wp:attachment":[{"href":"https:\/\/franciscotapia.com\/en\/wp-json\/wp\/v2\/media?parent=355"}],"curies":[{"name":"wp","href":"https:\/\/api.w.org\/{rel}","templated":true}]}}